{"id":2442,"date":"2018-11-21T09:48:42","date_gmt":"2018-11-21T09:48:42","guid":{"rendered":"https:\/\/ms-marine.de\/cookie\/"},"modified":"2018-11-29T18:17:50","modified_gmt":"2018-11-29T18:17:50","slug":"cookie","status":"publish","type":"page","link":"https:\/\/ms-marine.de\/de\/cookie\/","title":{"rendered":"Cookie"},"content":{"rendered":"<p>Cookies sind kleine Dateien die auf Ihrem Endger\u00e4t gespeichert werden. Diese k\u00f6nnen genutzt werden um herauszufinden, dass Sie mit dem jeweiligen Endger\u00e4t Kontakt mit unserer Website hatten. Es k\u00f6nnen lediglich die Cookies und Ihr Endger\u00e4t identifiziert werden. Pers\u00f6nliche Daten werden nur gespeichert, wenn Sie uns, Ihre Einverst\u00e4ndnis erteilen oder wenn es aus technischen Gr\u00fcnden zwingend ist \u2013 z.B. bei einem sicheren Login mit Ihren Daten.<\/p>\n<p>Mit dem Nutzen unserer Website erkl\u00e4ren Sie sich einverstanden, dass Cookies auf Ihrem Ger\u00e4t gespeichert werden. Unsere Website kann jedoch auch ohne dem speichern von Cookies genutzt werden. Die meisten Browser akzeptieren Cookies automatisch. Dies kann in den Einstellungen Ihre Browsers ge\u00e4ndert werden. Cookies k\u00f6nnen jederzeit durch Sie, von Ihrem Ger\u00e4t gel\u00f6scht werden. Eine genaue Anleitung wie Sie Cookies l\u00f6schen k\u00f6nnen finden Sie in der Anleitung zu Ihrem Endger\u00e4t oder zum Browser.<\/p>\n<p>Wir kategorisieren Cookies wie folgt:<\/p>\n<p>1) Essenzielle Cookies<br \/>\nDiese Cookies sind essenziel f\u00fcr die Funktion von Websiten. Ohne diesen Cookies sind manche Funktionen nicht m\u00f6glich \u2013z.B. das Bedienen von Konfiguratoren.<\/p>\n<p>2) Funktionale Cookies<br \/>\nDiese Cookies werden zur Verbesserung der Nutzung und der Performance der Website und f\u00fcr die Bereitstellung diverser Features verwendet \u2013 z.B. dem Speichern einer Sprachauswahl.<\/p>\n<p>3) Performance Cookies<br \/>\nDiese Cookies sammeln Informationen \u00fcber die Art und Weise Ihrer Nutzung der Website. Performance Cookies geben uns Hinweise auf beliebte Bereiche unserer Website. Mit diesen Infos k\u00f6nnen wir den Inhalt der Website besser auf unsere Besucher abstimmen und damit die Website f\u00fcr Sie verbessern. Diese Cookies sammeln keine pers\u00f6nlichen Daten. Weitere Details \u00fcber das Sammeln dieser Informationen finden Sie unter dem Abschnitt \u201eAnalsyse der Nutzungsdaten\u201c.<\/p>\n<p>4) Third-Party Cookies<br \/>\nDiese Cookies werden von Drittanbietern installiert, z.b. soziale Netzwerke. Der Hauptgrund liegt in der Integration von Social Media Content auf unserer Website, wie z.B. Social Media Plugins. Informationen \u00fcber die Nutzung von Social Plugins finden Sie unter dem Abschnitt \u201eSocial Plugins\u201c in unserer Datenschutzerkl\u00e4rung.<\/p>\n<p>Die Website nutzt Third-Party Cookies f\u00fcr nachfolgende Zwecke:<\/p>\n<p>Informationen \u00fcber Besucherzahlen und die Aktivit\u00e4t dieser auf unserer Website<br \/>\n&#8211; Hierzu wird Google Analytics verwendet. Weitere Infos finden Sie hier: <a href=\"https:\/\/l.facebook.com\/l.php?u=https%3A%2F%2Fsupport.google.com%2Fanalytics%2Fanswer%2F6004245%3Ffbclid%3DIwAR22BeQoNzT4Jm_scdnBx3jlBICmJLghy3ry4K1xnxB6LhlAad7eaOVOtNA&amp;h=AT0-nnyxmxhm0hQipYrm8lGDHsdnlRqqfIevZRM3n8SQQKR_yAV95GSMQqUsIAVqpZKLw9-2IUs_QsJw_QfwvlvHJgPJU2Qse6iN_B0mE5vdVKQYx6_SpuEuBCE0iBhmY9k\" target=\"_blank\" rel=\"nofollow noopener\" data-lynx-mode=\"hover\">https:\/\/support.google.com\/analytics\/answer\/6004245<\/a><\/p>\n<p>Einbezug von Inhalten anderer Webseiten sowie Videos und Pr\u00e4sentationen<br \/>\nWeitere Infos finden Sie hier: <a href=\"https:\/\/l.facebook.com\/l.php?u=https%3A%2F%2Fwww.google.it%2Fintl%2Fit%2Fpolicies%2Fprivacy%2F%3Ffbclid%3DIwAR1_hSJEdjq0Y06Nk1VbwnTiWmhrl7iFgxwXHW-qSKNeIEvX8HmQBAf77-w&amp;h=AT0-nnyxmxhm0hQipYrm8lGDHsdnlRqqfIevZRM3n8SQQKR_yAV95GSMQqUsIAVqpZKLw9-2IUs_QsJw_QfwvlvHJgPJU2Qse6iN_B0mE5vdVKQYx6_SpuEuBCE0iBhmY9k\" target=\"_blank\" rel=\"nofollow noopener\" data-lynx-mode=\"hover\">https:\/\/www.google.it\/intl\/it\/policies\/privacy\/<\/a><br \/>\nVimeo eingebettete Video Dateien.<br \/>\nWeitere Infos finden Sie hier: <a href=\"https:\/\/l.facebook.com\/l.php?u=https%3A%2F%2Fvimeo.com%2Fcookie_policy%3Ffbclid%3DIwAR36iTs8QA8vKnJFxA2-Gp_ZeHDWY0iFFHnPMqTMpDtt8vJ-FDybZrbpEp4&amp;h=AT0-nnyxmxhm0hQipYrm8lGDHsdnlRqqfIevZRM3n8SQQKR_yAV95GSMQqUsIAVqpZKLw9-2IUs_QsJw_QfwvlvHJgPJU2Qse6iN_B0mE5vdVKQYx6_SpuEuBCE0iBhmY9k\" target=\"_blank\" rel=\"nofollow noopener\" data-lynx-mode=\"hover\">https:\/\/vimeo.com\/cookie_policy<\/a><\/p>\n<p>Wie kontrolliert man Cookies?<br \/>\nCookies sind abh\u00e4ngig vom Browser und k\u00f6nnen \u00fcber diesen deaktiviert sowie wieder aktiviert werden.<\/p>\n<p>Bedenken Sie, dass die Deaktivierung von Cookies Funktionen dieser Website behindern k\u00f6nnte. Die Anleitung zum Ausschalten von Cookies finden Sie unter nachfolgenden Webadressen:<\/p>\n<p>Mozilla Firefox<br \/>\n<a href=\"https:\/\/l.facebook.com\/l.php?u=https%3A%2F%2Fsupport.mozilla.org%2Fen-US%2Fkb%2Fenable-and-disable-cookies-website-preferences%3Ffbclid%3DIwAR0EhDpLenVKtuYG8V-2BPhx5EbieQC-8-1rxabO_KtXRYyLcQSQrvWCm0s&amp;h=AT0-nnyxmxhm0hQipYrm8lGDHsdnlRqqfIevZRM3n8SQQKR_yAV95GSMQqUsIAVqpZKLw9-2IUs_QsJw_QfwvlvHJgPJU2Qse6iN_B0mE5vdVKQYx6_SpuEuBCE0iBhmY9k\" target=\"_blank\" rel=\"nofollow noopener\" data-lynx-mode=\"hover\">https:\/\/support.mozilla.org\/en-US\/kb\/enable-and-disable-cookies-website-preferences<\/a><br \/>\nWindows Internet Explorer<br \/>\n<a href=\"https:\/\/support.microsoft.com\/en-us\/help\/17442\/windows-internet-explorer-delete-manage-cookies?fbclid=IwAR03GiX2Zp5DQQRewHn3q7dZhA5Wkph9T1OxrE-L10tWCQnCPzlfIsWkTvU\" target=\"_blank\" rel=\"nofollow noopener\" data-lynx-mode=\"hover\" data-lynx-uri=\"https:\/\/l.facebook.com\/l.php?u=https%3A%2F%2Fsupport.microsoft.com%2Fen-us%2Fhelp%2F17442%2Fwindows-internet-explorer-delete-manage-cookies%3Ffbclid%3DIwAR03GiX2Zp5DQQRewHn3q7dZhA5Wkph9T1OxrE-L10tWCQnCPzlfIsWkTvU&amp;h=AT0-nnyxmxhm0hQipYrm8lGDHsdnlRqqfIevZRM3n8SQQKR_yAV95GSMQqUsIAVqpZKLw9-2IUs_QsJw_QfwvlvHJgPJU2Qse6iN_B0mE5vdVKQYx6_SpuEuBCE0iBhmY9k\">https:\/\/support.microsoft.com\/en-us\/help\/17442\/windows-internet-explorer-delete-manage-cookies<\/a><br \/>\nGoogle Chrome<br \/>\n<a href=\"https:\/\/l.facebook.com\/l.php?u=https%3A%2F%2Fsupport.google.com%2Fchrome%2Fanswer%2F95647%3Fco%3DGENIE.Platform%253DDesktop%26hl%3Den%26fbclid%3DIwAR3F3gjIv2kw8xdOGkPvz14GmZhUcGa_0_LPIN8vs187Y6UCh7TN8AEUUN8&amp;h=AT0-nnyxmxhm0hQipYrm8lGDHsdnlRqqfIevZRM3n8SQQKR_yAV95GSMQqUsIAVqpZKLw9-2IUs_QsJw_QfwvlvHJgPJU2Qse6iN_B0mE5vdVKQYx6_SpuEuBCE0iBhmY9k\" target=\"_blank\" rel=\"nofollow noopener\" data-lynx-mode=\"hover\">https:\/\/support.google.com\/chrome\/answer\/95647?co=GENIE.Platform%3DDesktop&amp;hl=en<\/a><br \/>\nOpera<br \/>\n<a href=\"https:\/\/l.facebook.com\/l.php?u=http%3A%2F%2Fhelp.opera.com%2FWindows%2F10.00%2Fit%2Fcookies.html%3Ffbclid%3DIwAR24NiFp_eYc2KAwJLF0YMpI9BHAd0aEBO__9K4NaKYZVQlA20Af_p4Q_TY&amp;h=AT0-nnyxmxhm0hQipYrm8lGDHsdnlRqqfIevZRM3n8SQQKR_yAV95GSMQqUsIAVqpZKLw9-2IUs_QsJw_QfwvlvHJgPJU2Qse6iN_B0mE5vdVKQYx6_SpuEuBCE0iBhmY9k\" target=\"_blank\" rel=\"nofollow noopener\" data-lynx-mode=\"hover\">http:\/\/help.opera.com\/Windows\/10.00\/it\/cookies.html<\/a><br \/>\nApple Safari<br \/>\n<a href=\"https:\/\/l.facebook.com\/l.php?u=https%3A%2F%2Fsupport.apple.com%2Fen-en%2FHT201265%3Ffbclid%3DIwAR2g2jANbZzWzSLRTmhEscA-Teh_RQaQl2VZ1Ze2Rb7v2_ZVUg_uYnPL8rI&amp;h=AT0-nnyxmxhm0hQipYrm8lGDHsdnlRqqfIevZRM3n8SQQKR_yAV95GSMQqUsIAVqpZKLw9-2IUs_QsJw_QfwvlvHJgPJU2Qse6iN_B0mE5vdVKQYx6_SpuEuBCE0iBhmY9k\" target=\"_blank\" rel=\"nofollow noopener\" data-lynx-mode=\"hover\">https:\/\/support.apple.com\/en-en\/HT201265<\/a><\/p>\n","protected":false},"excerpt":{"rendered":"<p>Cookies sind kleine Dateien die auf Ihrem Endger\u00e4t gespeichert werden. Diese k\u00f6nnen genutzt werden um herauszufinden, dass Sie mit dem jeweiligen Endger\u00e4t Kontakt mit unserer Website hatten. Es k\u00f6nnen lediglich die Cookies und Ihr Endger\u00e4t identifiziert werden. Pers\u00f6nliche Daten werden nur gespeichert, wenn Sie uns, Ihre Einverst\u00e4ndnis erteilen oder wenn es aus technischen Gr\u00fcnden zwingend [&hellip;]<\/p>\n","protected":false},"author":2,"featured_media":0,"parent":0,"menu_order":0,"comment_status":"closed","ping_status":"closed","template":"","meta":{"footnotes":""},"class_list":["post-2442","page","type-page","status-publish","hentry"],"_links":{"self":[{"href":"https:\/\/ms-marine.de\/de\/wp-json\/wp\/v2\/pages\/2442","targetHints":{"allow":["GET"]}}],"collection":[{"href":"https:\/\/ms-marine.de\/de\/wp-json\/wp\/v2\/pages"}],"about":[{"href":"https:\/\/ms-marine.de\/de\/wp-json\/wp\/v2\/types\/page"}],"author":[{"embeddable":true,"href":"https:\/\/ms-marine.de\/de\/wp-json\/wp\/v2\/users\/2"}],"replies":[{"embeddable":true,"href":"https:\/\/ms-marine.de\/de\/wp-json\/wp\/v2\/comments?post=2442"}],"version-history":[{"count":1,"href":"https:\/\/ms-marine.de\/de\/wp-json\/wp\/v2\/pages\/2442\/revisions"}],"predecessor-version":[{"id":2498,"href":"https:\/\/ms-marine.de\/de\/wp-json\/wp\/v2\/pages\/2442\/revisions\/2498"}],"wp:attachment":[{"href":"https:\/\/ms-marine.de\/de\/wp-json\/wp\/v2\/media?parent=2442"}],"curies":[{"name":"wp","href":"https:\/\/api.w.org\/{rel}","templated":true}]}}