{"id":2443,"date":"2018-11-21T09:49:10","date_gmt":"2018-11-21T09:49:10","guid":{"rendered":"https:\/\/ms-marine.de\/impressum\/"},"modified":"2023-03-17T09:01:35","modified_gmt":"2023-03-17T09:01:35","slug":"impressum","status":"publish","type":"page","link":"https:\/\/ms-marine.de\/de\/impressum\/","title":{"rendered":"Impressum"},"content":{"rendered":"<p><strong>Hauptsitz<\/strong><br \/>\nMS Marine GmbH<br \/>\nGewerbegebiet Ost 31<br \/>\nD-92353 Postbauer-Heng<br \/>\nTel: 09188\/3079896<br \/>\nFax: 09188\/3079897<\/p>\n<p>Amtsgericht N\u00fcrnberg Nr. HRB 30614<br \/>\nSteuernummer: 2766302615<br \/>\nUSt. Id. Nr.: DE287038183<br \/>\nEmail: sales[@]ms-marine.de<\/p>\n<p><strong>Gesch\u00e4ftsf\u00fchrer<\/strong><br \/>\nMilan Sterk<\/p>\n<p><strong>Webmaster<\/strong><br \/>\nFabio Limatola<\/p>\n<p>Keine Gew\u00e4hr f\u00fcr Inhalte<br \/>\nAlle in unseren Internet-Seiten enthaltenen Angaben und Informationen wurden sorgf\u00e4ltig recherchiert und gepr\u00fcft. F\u00fcr Richtigkeit, Vollst\u00e4ndigkeit und Aktualit\u00e4t kann der Anbieter jedoch keine Gew\u00e4hr \u00fcbernehmen. Dies gilt auch f\u00fcr Internet-Seiten unserer Lieferanten, zu denen Sie \u00fcber einen Hyperlink gelangen. Trotz sorgf\u00e4ltiger inhaltlicher Kontrolle \u00fcbernehmen wir keine Haftung f\u00fcr die Inhalte externer Links. F\u00fcr den Inhalt der verlinkten Seiten sind ausschlie\u00dflich deren Betreiber verantwortlich. F\u00fcr den Inhalt dieser Seiten \u00fcbernimmt die ZAR mini GmbH \u2013 keinerlei Verantwortung.<\/p>\n<p>Datenschutzerkl\u00e4rung<br \/>\nWir freuen uns \u00fcber Ihr Interesse an unserer Homepage und unserem Unternehmen. F\u00fcr externe Links zu fremden Inhalten k\u00f6nnen wir dabei trotz sorgf\u00e4ltiger inhaltlicher Kontrolle keine Haftung \u00fcbernehmen.<br \/>\nDer Schutz Ihrer personenbezogenen Daten bei der Erhebung, Verarbeitung und Nutzung anl\u00e4sslich Ihres Besuchs auf unserer Homepage ist uns ein wichtiges Anliegen. Ihre Daten werden im Rahmen der gesetzlichen Vorschriften gesch\u00fctzt. Nachfolgend finden Sie Informationen, welche Daten w\u00e4hrend Ihres Besuchs auf der Homepage erfasst und wie diese genutzt werden:<\/p>\n<p>1. Erhebung und Verarbeitung von Daten<br \/>\nJeder Zugriff auf unsere Homepage und jeder Abruf einer auf der Homepage hinterlegten Datei werden protokolliert. Die Speicherung dient internen systembezogenen und statistischen Zwecken. Protokolliert werden: Name der abgerufenen Datei, Datum und Uhrzeit des Abrufs, \u00fcbertragene Datenmenge, Meldung \u00fcber erfolgreichen Abruf, Webbrowser und anfragende Domain.<br \/>\nZus\u00e4tzlich werden die IP Adressen der anfragenden Rechner protokolliert.<br \/>\nWeitergehende personenbezogene Daten werden nur erfasst, wenn Sie diese Angaben freiwillig, etwa im Rahmen einer Anfrage oder Registrierung, machen.<\/p>\n<p>2. Nutzung und Weitergabe personenbezogener Daten<br \/>\nSoweit Sie uns personenbezogene Daten zur Verf\u00fcgung gestellt haben, verwenden wir diese nur zur Beantwortung Ihrer Anfragen, zur Abwicklung mit Ihnen geschlossener Vertr\u00e4ge und f\u00fcr die technische Administration.<br \/>\nIhre personenbezogenen Daten werden an Dritte nur weitergegeben oder sonst \u00fcbermittelt, wenn dies zum Zwecke der Vertragsabwicklung \u2013 insbesondere Weitergabe von Bestelldaten an Lieferanten \u2013 erforderlich ist, dies zu Abrechnungszwecken erforderlich ist oder Sie zuvor eingewilligt haben. Sie haben das Recht, eine erteilte Einwilligung mit Wirkung f\u00fcr die Zukunft jederzeit zu widerrufen.<br \/>\nDie L\u00f6schung der gespeicherten personenbezogenen Daten erfolgt, wenn Sie Ihre Einwilligung zur Speicherung widerrufen, wenn ihre Kenntnis zur Erf\u00fcllung des mit der Speicherung verfolgten Zwecks nicht mehr erforderlich ist oder wenn ihre Speicherung aus sonstigen gesetzlichen Gr\u00fcnden unzul\u00e4ssig ist.<\/p>\n<p>3. Auskunftsrecht<br \/>\nAuf schriftliche Anfrage werden wir Sie gern \u00fcber die zu Ihrer Person gespeicherten Daten informieren.<\/p>\n<p>Sicherheitshinweis:<br \/>\nWir sind bem\u00fcht, Ihre personenbezogenen Daten durch Ergreifung aller technischen und organisatorischen M\u00f6glichkeiten so zu speichern, dass sie f\u00fcr Dritte nicht zug\u00e4nglich sind. Bei der Kommunikation per E Mail kann die vollst\u00e4ndige Datensicherheit von uns nicht gew\u00e4hrleistet werden, so dass wir Ihnen bei vertraulichen Informationen den Postweg empfehlen.<\/p>\n<p>Vervielf\u00e4ltigung nur mit schriftlicher Genehmigung der MS Marine GmbH!<\/p>\n","protected":false},"excerpt":{"rendered":"<p>Hauptsitz MS Marine GmbH Gewerbegebiet Ost 31 D-92353 Postbauer-Heng Tel: 09188\/3079896 Fax: 09188\/3079897 Amtsgericht N\u00fcrnberg Nr. HRB 30614 Steuernummer: 2766302615 USt. Id. Nr.: DE287038183 Email: sales[@]ms-marine.de Gesch\u00e4ftsf\u00fchrer Milan Sterk Webmaster Fabio Limatola Keine Gew\u00e4hr f\u00fcr Inhalte Alle in unseren Internet-Seiten enthaltenen Angaben und Informationen wurden sorgf\u00e4ltig recherchiert und gepr\u00fcft. F\u00fcr Richtigkeit, Vollst\u00e4ndigkeit und Aktualit\u00e4t kann [&hellip;]<\/p>\n","protected":false},"author":2,"featured_media":0,"parent":0,"menu_order":0,"comment_status":"closed","ping_status":"closed","template":"","meta":{"footnotes":""},"class_list":["post-2443","page","type-page","status-publish","hentry"],"_links":{"self":[{"href":"https:\/\/ms-marine.de\/de\/wp-json\/wp\/v2\/pages\/2443","targetHints":{"allow":["GET"]}}],"collection":[{"href":"https:\/\/ms-marine.de\/de\/wp-json\/wp\/v2\/pages"}],"about":[{"href":"https:\/\/ms-marine.de\/de\/wp-json\/wp\/v2\/types\/page"}],"author":[{"embeddable":true,"href":"https:\/\/ms-marine.de\/de\/wp-json\/wp\/v2\/users\/2"}],"replies":[{"embeddable":true,"href":"https:\/\/ms-marine.de\/de\/wp-json\/wp\/v2\/comments?post=2443"}],"version-history":[{"count":2,"href":"https:\/\/ms-marine.de\/de\/wp-json\/wp\/v2\/pages\/2443\/revisions"}],"predecessor-version":[{"id":2620,"href":"https:\/\/ms-marine.de\/de\/wp-json\/wp\/v2\/pages\/2443\/revisions\/2620"}],"wp:attachment":[{"href":"https:\/\/ms-marine.de\/de\/wp-json\/wp\/v2\/media?parent=2443"}],"curies":[{"name":"wp","href":"https:\/\/api.w.org\/{rel}","templated":true}]}}