{"id":4055,"date":"2025-07-28T15:49:31","date_gmt":"2025-07-28T15:49:31","guid":{"rendered":"https:\/\/ms-marine.de\/?page_id=4055"},"modified":"2026-01-13T11:00:05","modified_gmt":"2026-01-13T11:00:05","slug":"zar-formenti","status":"publish","type":"page","link":"https:\/\/ms-marine.de\/de\/zar-formenti\/","title":{"rendered":"Zar Formenti"},"content":{"rendered":"\t\t<div data-elementor-type=\"wp-page\" data-elementor-id=\"4055\" class=\"elementor elementor-4055\" data-elementor-post-type=\"page\">\n\t\t\t\t<div class=\"elementor-element elementor-element-34efe982 e-con-full e-flex e-con e-parent\" data-id=\"34efe982\" data-element_type=\"container\" data-settings=\"{&quot;background_background&quot;:&quot;classic&quot;}\">\n\t\t<div class=\"elementor-element elementor-element-59cef6c e-con-full e-flex e-con e-child\" data-id=\"59cef6c\" data-element_type=\"container\" data-settings=\"{&quot;background_background&quot;:&quot;classic&quot;}\">\n\t\t\t\t<div class=\"elementor-element elementor-element-1dd3ad00 elementor-widget elementor-widget-heading\" data-id=\"1dd3ad00\" data-element_type=\"widget\" data-widget_type=\"heading.default\">\n\t\t\t\t<div class=\"elementor-widget-container\">\n\t\t\t\t\t<h2 class=\"elementor-heading-title elementor-size-default\">Zar Formenti<\/h2>\t\t\t\t<\/div>\n\t\t\t\t<\/div>\n\t\t\t\t<div class=\"elementor-element elementor-element-2b360aa4 elementor-widget elementor-widget-text-editor\" data-id=\"2b360aa4\" data-element_type=\"widget\" data-widget_type=\"text-editor.default\">\n\t\t\t\t<div class=\"elementor-widget-container\">\n\t\t\t\t\t\t\t\t\t<section class=\"relative bg-marine text-white py-20 md:py-28\"><div class=\"container mx-auto px-4\"><div class=\"max-w-4xl mx-auto text-center\"><section class=\"hero-section\"><div class=\"hero-overlay\"><div class=\"container mx-auto\"><section class=\"hero-section\"><div class=\"hero-overlay\"><div class=\"container mx-auto\"><p class=\"text-xl md:text-2xl font-light mb-6\">Mutig sein herauszustechen.<\/p><\/div><\/div><\/section><section class=\"py-16 bg-white\"><div class=\"container mx-auto px-4\"><div class=\"max-w-4xl mx-auto\">\u00a0<\/div><\/div><\/section><\/div><\/div><\/section><\/div><\/div><\/section>\t\t\t\t\t\t\t\t<\/div>\n\t\t\t\t<\/div>\n\t\t\t\t<\/div>\n\t\t\t\t<\/div>\n\t\t<div class=\"elementor-element elementor-element-3801eff2 e-flex e-con-boxed e-con e-parent\" data-id=\"3801eff2\" data-element_type=\"container\" data-settings=\"{&quot;background_background&quot;:&quot;classic&quot;}\">\n\t\t\t\t\t<div class=\"e-con-inner\">\n\t\t\t\t<div class=\"elementor-element elementor-element-7a799260 elementor-widget elementor-widget-heading\" data-id=\"7a799260\" data-element_type=\"widget\" data-widget_type=\"heading.default\">\n\t\t\t\t<div class=\"elementor-widget-container\">\n\t\t\t\t\t<h2 class=\"elementor-heading-title elementor-size-default\">ZAR Formenti \u2013 Technik, die f\u00e4hrt. Design, das bleibt.\n<\/h2>\t\t\t\t<\/div>\n\t\t\t\t<\/div>\n\t\t\t\t<div class=\"elementor-element elementor-element-27242822 elementor-widget elementor-widget-text-editor\" data-id=\"27242822\" data-element_type=\"widget\" data-widget_type=\"text-editor.default\">\n\t\t\t\t<div class=\"elementor-widget-container\">\n\t\t\t\t\t\t\t\t\t<p>ZAR Formenti steht f\u00fcr italienisches RIB-Design auf h\u00f6chstem Niveau. Seit den 1990er-Jahren entwickelt und produziert das Familienunternehmen im Raum Mailand hochwertige Festrumpfschlauchboote f\u00fcr alle, die kompromisslose Qualit\u00e4t suchen.<\/p><p><strong>Was ZAR-Boote besonders macht?<\/strong>\u00a0Der einzigartige GFK-Rumpf mit integriertem Tunnelsystem sorgt daf\u00fcr, dass selbst bei kurzer Bootsl\u00e4nge kein Spritzwasser an Bord gelangt und das Boot bei Wellengang sanft auf einem Luft-Wasser-Polster gleitet \u2013 statt hart zu schlagen.<\/p><p>Zudem beginnt der Rumpf bei ZAR-Modellen direkt am Bug und reicht bis ans Heck \u2013 das bedeutet: mehr nutzbare Bootsl\u00e4nge, mehr Volumen, mehr Raumgef\u00fchl auf gleicher Au\u00dfenl\u00e4nge.<\/p><p>Dank der intelligenten Integration der Schl\u00e4uche in die Rumpfstruktur bleibt mehr Platz an Bord: mehr Bewegungsfreiheit, mehr Stauraum \u2013 und weniger Kompromisse.<\/p><p>ZAR Formenti vereint italienische Formsprache mit technischer Raffinesse \u2013 und ist nicht ohne Grund eine der renommiertesten RIB-Marken Europas.<\/p>\t\t\t\t\t\t\t\t<\/div>\n\t\t\t\t<\/div>\n\t\t\t\t\t<\/div>\n\t\t\t\t<\/div>\n\t\t<div class=\"elementor-element elementor-element-779fa436 e-con-full e-flex e-con e-parent\" data-id=\"779fa436\" data-element_type=\"container\" data-settings=\"{&quot;background_background&quot;:&quot;classic&quot;}\">\n\t\t<div class=\"elementor-element elementor-element-2408fc20 e-con-full e-flex e-con e-child\" data-id=\"2408fc20\" data-element_type=\"container\" data-settings=\"{&quot;background_background&quot;:&quot;classic&quot;}\">\n\t\t<div class=\"elementor-element elementor-element-744fc473 e-con-full e-flex e-con e-child\" data-id=\"744fc473\" data-element_type=\"container\">\n\t\t\t\t<div class=\"elementor-element elementor-element-38a2b1f1 elementor-widget elementor-widget-heading\" data-id=\"38a2b1f1\" data-element_type=\"widget\" data-widget_type=\"heading.default\">\n\t\t\t\t<div class=\"elementor-widget-container\">\n\t\t\t\t\t<h2 class=\"elementor-heading-title elementor-size-default\">ZAR Formenti Modelle im \u00dcberblick\n<\/h2>\t\t\t\t<\/div>\n\t\t\t\t<\/div>\n\t\t\t\t<div class=\"elementor-element elementor-element-c1f9bd3 elementor-arrows-position-inside elementor-widget elementor-widget-image-carousel\" data-id=\"c1f9bd3\" data-element_type=\"widget\" data-settings=\"{&quot;slides_to_show&quot;:&quot;3&quot;,&quot;slides_to_scroll&quot;:&quot;1&quot;,&quot;navigation&quot;:&quot;arrows&quot;,&quot;image_spacing_custom&quot;:{&quot;unit&quot;:&quot;px&quot;,&quot;size&quot;:10,&quot;sizes&quot;:[]},&quot;autoplay&quot;:&quot;yes&quot;,&quot;pause_on_hover&quot;:&quot;yes&quot;,&quot;pause_on_interaction&quot;:&quot;yes&quot;,&quot;autoplay_speed&quot;:5000,&quot;infinite&quot;:&quot;yes&quot;,&quot;speed&quot;:500,&quot;image_spacing_custom_tablet&quot;:{&quot;unit&quot;:&quot;px&quot;,&quot;size&quot;:&quot;&quot;,&quot;sizes&quot;:[]},&quot;image_spacing_custom_mobile&quot;:{&quot;unit&quot;:&quot;px&quot;,&quot;size&quot;:&quot;&quot;,&quot;sizes&quot;:[]}}\" data-widget_type=\"image-carousel.default\">\n\t\t\t\t<div class=\"elementor-widget-container\">\n\t\t\t\t\t\t\t<div class=\"elementor-image-carousel-wrapper swiper\" role=\"region\" aria-roledescription=\"carousel\" aria-label=\"Bild Karussell\" dir=\"ltr\">\n\t\t\t<div class=\"elementor-image-carousel swiper-wrapper\" aria-live=\"off\">\n\t\t\t\t\t\t\t\t<div class=\"swiper-slide\" role=\"group\" aria-roledescription=\"slide\" aria-label=\"1 von 5\"><a data-elementor-open-lightbox=\"yes\" data-elementor-lightbox-slideshow=\"c1f9bd3\" data-elementor-lightbox-title=\"ZAR IMAGINE 130\" data-e-action-hash=\"#elementor-action%3Aaction%3Dlightbox%26settings%3DeyJpZCI6NDA3NywidXJsIjoiaHR0cHM6XC9cL21zLW1hcmluZS5kZVwvd3AtY29udGVudFwvdXBsb2Fkc1wvMjAyNVwvMDdcL1pBUi1JTUFHSU5FLTEzMC5qcGciLCJzbGlkZXNob3ciOiJjMWY5YmQzIn0%3D\" href=\"https:\/\/ms-marine.de\/wp-content\/uploads\/2025\/07\/ZAR-IMAGINE-130.jpg\"><figure class=\"swiper-slide-inner\"><img decoding=\"async\" class=\"swiper-slide-image\" src=\"https:\/\/ms-marine.de\/wp-content\/uploads\/elementor\/thumbs\/ZAR-IMAGINE-130-rh8zw4serl8o362rk3axs189u02uyo6ipi9b464amw.jpg\" alt=\"ZAR IMAGINE 130\" \/><figcaption class=\"elementor-image-carousel-caption\">ZAR IMAGINE 130<\/figcaption><\/figure><\/a><\/div><div class=\"swiper-slide\" role=\"group\" aria-roledescription=\"slide\" aria-label=\"2 von 5\"><a data-elementor-open-lightbox=\"yes\" data-elementor-lightbox-slideshow=\"c1f9bd3\" data-elementor-lightbox-title=\"DSC09868\" data-e-action-hash=\"#elementor-action%3Aaction%3Dlightbox%26settings%3DeyJpZCI6NDA2NCwidXJsIjoiaHR0cHM6XC9cL21zLW1hcmluZS5kZVwvd3AtY29udGVudFwvdXBsb2Fkc1wvMjAyNVwvMDdcL0RTQzA5ODY4LmpwZyIsInNsaWRlc2hvdyI6ImMxZjliZDMifQ%3D%3D\" href=\"https:\/\/ms-marine.de\/wp-content\/uploads\/2025\/07\/DSC09868.jpg\"><figure class=\"swiper-slide-inner\"><img decoding=\"async\" class=\"swiper-slide-image\" src=\"https:\/\/ms-marine.de\/wp-content\/uploads\/elementor\/thumbs\/DSC09868-rh8zw5q8yf9yes1eelpkcizqfdy86da91mwslg2wgo.jpg\" alt=\"DSC09868\" \/><figcaption class=\"elementor-image-carousel-caption\">DSC09868<\/figcaption><\/figure><\/a><\/div><div class=\"swiper-slide\" role=\"group\" aria-roledescription=\"slide\" aria-label=\"3 von 5\"><a data-elementor-open-lightbox=\"yes\" data-elementor-lightbox-slideshow=\"c1f9bd3\" data-elementor-lightbox-title=\"ZAR 85 SL\" data-e-action-hash=\"#elementor-action%3Aaction%3Dlightbox%26settings%3DeyJpZCI6NDA3MCwidXJsIjoiaHR0cHM6XC9cL21zLW1hcmluZS5kZVwvd3AtY29udGVudFwvdXBsb2Fkc1wvMjAyNVwvMDdcL1pBUi04NS1TTC5qcGciLCJzbGlkZXNob3ciOiJjMWY5YmQzIn0%3D\" href=\"https:\/\/ms-marine.de\/wp-content\/uploads\/2025\/07\/ZAR-85-SL.jpg\"><figure class=\"swiper-slide-inner\"><img decoding=\"async\" class=\"swiper-slide-image\" src=\"https:\/\/ms-marine.de\/wp-content\/uploads\/elementor\/thumbs\/ZAR-85-SL-rh8zw4serl8o362rk3axs189u02uyo6ipi9b464amw.jpg\" alt=\"ZAR 85 SL\" \/><figcaption class=\"elementor-image-carousel-caption\">ZAR 85 SL<\/figcaption><\/figure><\/a><\/div><div class=\"swiper-slide\" role=\"group\" aria-roledescription=\"slide\" aria-label=\"4 von 5\"><a data-elementor-open-lightbox=\"yes\" data-elementor-lightbox-slideshow=\"c1f9bd3\" data-elementor-lightbox-title=\"ZAR 79\" data-e-action-hash=\"#elementor-action%3Aaction%3Dlightbox%26settings%3DeyJpZCI6NDA2OCwidXJsIjoiaHR0cHM6XC9cL21zLW1hcmluZS5kZVwvd3AtY29udGVudFwvdXBsb2Fkc1wvMjAyNVwvMDdcL1pBUi03OS5qcGciLCJzbGlkZXNob3ciOiJjMWY5YmQzIn0%3D\" href=\"https:\/\/ms-marine.de\/wp-content\/uploads\/2025\/07\/ZAR-79.jpg\"><figure class=\"swiper-slide-inner\"><img decoding=\"async\" class=\"swiper-slide-image\" src=\"https:\/\/ms-marine.de\/wp-content\/uploads\/elementor\/thumbs\/ZAR-79-rh8zw5q8yf9yes1eelpkcizqfdy86da91mwslg2wgo.jpg\" alt=\"ZAR 79\" \/><figcaption class=\"elementor-image-carousel-caption\">ZAR 79<\/figcaption><\/figure><\/a><\/div><div class=\"swiper-slide\" role=\"group\" aria-roledescription=\"slide\" aria-label=\"5 von 5\"><a data-elementor-open-lightbox=\"yes\" data-elementor-lightbox-slideshow=\"c1f9bd3\" data-elementor-lightbox-title=\"ZAR 59 SL\" data-e-action-hash=\"#elementor-action%3Aaction%3Dlightbox%26settings%3DeyJpZCI6NDA2NiwidXJsIjoiaHR0cHM6XC9cL21zLW1hcmluZS5kZVwvd3AtY29udGVudFwvdXBsb2Fkc1wvMjAyNVwvMDdcL1pBUi01OS1TTC5qcGciLCJzbGlkZXNob3ciOiJjMWY5YmQzIn0%3D\" href=\"https:\/\/ms-marine.de\/wp-content\/uploads\/2025\/07\/ZAR-59-SL.jpg\"><figure class=\"swiper-slide-inner\"><img decoding=\"async\" class=\"swiper-slide-image\" src=\"https:\/\/ms-marine.de\/wp-content\/uploads\/elementor\/thumbs\/ZAR-59-SL-rh8zw5q8yf9yes1eelpkcizqfdy86da91mwslg2wgo.jpg\" alt=\"ZAR 59 SL\" \/><figcaption class=\"elementor-image-carousel-caption\">ZAR 59 SL<\/figcaption><\/figure><\/a><\/div>\t\t\t<\/div>\n\t\t\t\t\t\t\t\t\t\t\t\t<div class=\"elementor-swiper-button elementor-swiper-button-prev\" role=\"button\" tabindex=\"0\">\n\t\t\t\t\t\t<svg aria-hidden=\"true\" class=\"e-font-icon-svg e-eicon-chevron-left\" viewBox=\"0 0 1000 1000\" xmlns=\"http:\/\/www.w3.org\/2000\/svg\"><path d=\"M646 125C629 125 613 133 604 142L308 442C296 454 292 471 292 487 292 504 296 521 308 533L604 854C617 867 629 875 646 875 663 875 679 871 692 858 704 846 713 829 713 812 713 796 708 779 692 767L438 487 692 225C700 217 708 204 708 187 708 171 704 154 692 142 675 129 663 125 646 125Z\"><\/path><\/svg>\t\t\t\t\t<\/div>\n\t\t\t\t\t<div class=\"elementor-swiper-button elementor-swiper-button-next\" role=\"button\" tabindex=\"0\">\n\t\t\t\t\t\t<svg aria-hidden=\"true\" class=\"e-font-icon-svg e-eicon-chevron-right\" viewBox=\"0 0 1000 1000\" xmlns=\"http:\/\/www.w3.org\/2000\/svg\"><path d=\"M696 533C708 521 713 504 713 487 713 471 708 454 696 446L400 146C388 133 375 125 354 125 338 125 325 129 313 142 300 154 292 171 292 187 292 204 296 221 308 233L563 492 304 771C292 783 288 800 288 817 288 833 296 850 308 863 321 871 338 875 354 875 371 875 388 867 400 854L696 533Z\"><\/path><\/svg>\t\t\t\t\t<\/div>\n\t\t\t\t\n\t\t\t\t\t\t\t\t\t<\/div>\n\t\t\t\t\t\t<\/div>\n\t\t\t\t<\/div>\n\t\t\t\t<\/div>\n\t\t\t\t<\/div>\n\t\t\t\t<\/div>\n\t\t<div class=\"elementor-element elementor-element-d054b0a e-flex e-con-boxed e-con e-parent\" data-id=\"d054b0a\" data-element_type=\"container\">\n\t\t\t\t\t<div class=\"e-con-inner\">\n\t\t\t\t<div class=\"elementor-element elementor-element-c0433e5 elementor-widget elementor-widget-heading\" data-id=\"c0433e5\" data-element_type=\"widget\" data-widget_type=\"heading.default\">\n\t\t\t\t<div class=\"elementor-widget-container\">\n\t\t\t\t\t<h2 class=\"elementor-heading-title elementor-size-default\">Interesse an ZAR Formenti?\n<\/h2>\t\t\t\t<\/div>\n\t\t\t\t<\/div>\n\t\t\t\t<div class=\"elementor-element elementor-element-a11bd0d elementor-widget elementor-widget-text-editor\" data-id=\"a11bd0d\" data-element_type=\"widget\" data-widget_type=\"text-editor.default\">\n\t\t\t\t<div class=\"elementor-widget-container\">\n\t\t\t\t\t\t\t\t\t<section class=\"py-12 bg-white\"><div class=\"container mx-auto px-4\"><div class=\"max-w-3xl mx-auto text-center\"><p class=\"text-lg text-text mb-8\">Besuchen Sie unsere offizielle Webseite f\u00fcr mehr Informationen und finden Sie einen H\u00e4ndler in Ihrer N\u00e4he f\u00fcr ein pers\u00f6nliches Beratungsgespr\u00e4ch.<\/p><\/div><\/div><\/section>\t\t\t\t\t\t\t\t<\/div>\n\t\t\t\t<\/div>\n\t\t\t\t<div class=\"elementor-element elementor-element-c495fc2 elementor-align-center elementor-widget elementor-widget-button\" data-id=\"c495fc2\" data-element_type=\"widget\" data-widget_type=\"button.default\">\n\t\t\t\t<div class=\"elementor-widget-container\">\n\t\t\t\t\t\t\t\t\t<div class=\"elementor-button-wrapper\">\n\t\t\t\t\t<a class=\"elementor-button elementor-button-link elementor-size-sm\" href=\"https:\/\/www.zar-formenti.net\/de\/\" target=\"_blank\">\n\t\t\t\t\t\t<span class=\"elementor-button-content-wrapper\">\n\t\t\t\t\t\t<span class=\"elementor-button-icon\">\n\t\t\t\t<svg aria-hidden=\"true\" class=\"e-font-icon-svg e-fas-external-link-alt\" viewBox=\"0 0 512 512\" xmlns=\"http:\/\/www.w3.org\/2000\/svg\"><path d=\"M432,320H400a16,16,0,0,0-16,16V448H64V128H208a16,16,0,0,0,16-16V80a16,16,0,0,0-16-16H48A48,48,0,0,0,0,112V464a48,48,0,0,0,48,48H400a48,48,0,0,0,48-48V336A16,16,0,0,0,432,320ZM488,0h-128c-21.37,0-32.05,25.91-17,41l35.73,35.73L135,320.37a24,24,0,0,0,0,34L157.67,377a24,24,0,0,0,34,0L435.28,133.32,471,169c15,15,41,4.5,41-17V24A24,24,0,0,0,488,0Z\"><\/path><\/svg>\t\t\t<\/span>\n\t\t\t\t\t\t\t\t\t<span class=\"elementor-button-text\">Hier geht's zur offiziellen  Webseite<\/span>\n\t\t\t\t\t<\/span>\n\t\t\t\t\t<\/a>\n\t\t\t\t<\/div>\n\t\t\t\t\t\t\t\t<\/div>\n\t\t\t\t<\/div>\n\t\t\t\t\t<\/div>\n\t\t\t\t<\/div>\n\t\t\t\t<\/div>\n\t\t","protected":false},"excerpt":{"rendered":"<p>Zar Formenti Mutig sein herauszustechen. \u00a0 ZAR Formenti \u2013 Technik, die f\u00e4hrt. Design, das bleibt. ZAR Formenti steht f\u00fcr italienisches RIB-Design auf h\u00f6chstem Niveau. Seit den 1990er-Jahren entwickelt und produziert das Familienunternehmen im Raum Mailand hochwertige Festrumpfschlauchboote f\u00fcr alle, die kompromisslose Qualit\u00e4t suchen. Was ZAR-Boote besonders macht?\u00a0Der einzigartige GFK-Rumpf mit integriertem Tunnelsystem sorgt daf\u00fcr, dass [&hellip;]<\/p>\n","protected":false},"author":2,"featured_media":0,"parent":0,"menu_order":0,"comment_status":"closed","ping_status":"closed","template":"elementor_header_footer","meta":{"footnotes":""},"class_list":["post-4055","page","type-page","status-publish","hentry"],"_links":{"self":[{"href":"https:\/\/ms-marine.de\/de\/wp-json\/wp\/v2\/pages\/4055","targetHints":{"allow":["GET"]}}],"collection":[{"href":"https:\/\/ms-marine.de\/de\/wp-json\/wp\/v2\/pages"}],"about":[{"href":"https:\/\/ms-marine.de\/de\/wp-json\/wp\/v2\/types\/page"}],"author":[{"embeddable":true,"href":"https:\/\/ms-marine.de\/de\/wp-json\/wp\/v2\/users\/2"}],"replies":[{"embeddable":true,"href":"https:\/\/ms-marine.de\/de\/wp-json\/wp\/v2\/comments?post=4055"}],"version-history":[{"count":25,"href":"https:\/\/ms-marine.de\/de\/wp-json\/wp\/v2\/pages\/4055\/revisions"}],"predecessor-version":[{"id":4485,"href":"https:\/\/ms-marine.de\/de\/wp-json\/wp\/v2\/pages\/4055\/revisions\/4485"}],"wp:attachment":[{"href":"https:\/\/ms-marine.de\/de\/wp-json\/wp\/v2\/media?parent=4055"}],"curies":[{"name":"wp","href":"https:\/\/api.w.org\/{rel}","templated":true}]}}