{"id":4107,"date":"2025-07-28T16:36:17","date_gmt":"2025-07-28T16:36:17","guid":{"rendered":"https:\/\/ms-marine.de\/?page_id=4107"},"modified":"2026-01-13T10:59:21","modified_gmt":"2026-01-13T10:59:21","slug":"sterk-yacht","status":"publish","type":"page","link":"https:\/\/ms-marine.de\/de\/sterk-yacht\/","title":{"rendered":"STERK Yacht"},"content":{"rendered":"\t\t<div data-elementor-type=\"wp-page\" data-elementor-id=\"4107\" class=\"elementor elementor-4107\" data-elementor-post-type=\"page\">\n\t\t\t\t<div class=\"elementor-element elementor-element-34efe982 e-con-full e-flex e-con e-parent\" data-id=\"34efe982\" data-element_type=\"container\" data-settings=\"{&quot;background_background&quot;:&quot;classic&quot;}\">\n\t\t<div class=\"elementor-element elementor-element-59cef6c e-con-full e-flex e-con e-child\" data-id=\"59cef6c\" data-element_type=\"container\" data-settings=\"{&quot;background_background&quot;:&quot;classic&quot;}\">\n\t\t\t\t<div class=\"elementor-element elementor-element-1dd3ad00 elementor-widget elementor-widget-heading\" data-id=\"1dd3ad00\" data-element_type=\"widget\" data-widget_type=\"heading.default\">\n\t\t\t\t<div class=\"elementor-widget-container\">\n\t\t\t\t\t<h2 class=\"elementor-heading-title elementor-size-default\">Sterk Yacht<\/h2>\t\t\t\t<\/div>\n\t\t\t\t<\/div>\n\t\t\t\t<div class=\"elementor-element elementor-element-2b360aa4 elementor-widget elementor-widget-text-editor\" data-id=\"2b360aa4\" data-element_type=\"widget\" data-widget_type=\"text-editor.default\">\n\t\t\t\t<div class=\"elementor-widget-container\">\n\t\t\t\t\t\t\t\t\tMediterraner Luxus trifft Supersport-Performance\t\t\t\t\t\t\t\t<\/div>\n\t\t\t\t<\/div>\n\t\t\t\t<\/div>\n\t\t\t\t<\/div>\n\t\t<div class=\"elementor-element elementor-element-3801eff2 e-flex e-con-boxed e-con e-parent\" data-id=\"3801eff2\" data-element_type=\"container\" data-settings=\"{&quot;background_background&quot;:&quot;classic&quot;}\">\n\t\t\t\t\t<div class=\"e-con-inner\">\n\t\t\t\t<div class=\"elementor-element elementor-element-7a799260 elementor-widget elementor-widget-heading\" data-id=\"7a799260\" data-element_type=\"widget\" data-widget_type=\"heading.default\">\n\t\t\t\t<div class=\"elementor-widget-container\">\n\t\t\t\t\t<h2 class=\"elementor-heading-title elementor-size-default\">Die STERK 31\n\n<\/h2>\t\t\t\t<\/div>\n\t\t\t\t<\/div>\n\t\t\t\t<div class=\"elementor-element elementor-element-27242822 elementor-widget elementor-widget-text-editor\" data-id=\"27242822\" data-element_type=\"widget\" data-widget_type=\"text-editor.default\">\n\t\t\t\t<div class=\"elementor-widget-container\">\n\t\t\t\t\t\t\t\t\t<p>Die STERK 31 ist mehr als ein Boot \u2013 sie ist ein Statement. Mit bis zu 700 PS und einer Spitzengeschwindigkeit von \u00fcber 60 Knoten setzt die STERK 31 neue Ma\u00dfst\u00e4be im Supersport-Segment. Sie vereint mediterranes Design, High-End-Technologie und kompromisslose Funktionalit\u00e4t auf h\u00f6chstem Niveau.<\/p><p><strong>Was sie besonders macht? Ihre Sicherheit auch bei H\u00f6chstgeschwindigkeiten.<\/strong><br \/>Die STERK 31 wurde von Grund auf daf\u00fcr entwickelt, Fahrspa\u00df mit Verantwortung zu verbinden. Dank ihrer durchdachten Rumpfform, hohen Bordw\u00e4nde und der ausgekl\u00fcgelten Gewichtsverteilung f\u00fchlen Sie sich selbst bei voller Leistung jederzeit sicher \u2013 ob mit Freunden oder der ganzen Familie an Bord.<\/p><p>Zwei gro\u00dfz\u00fcgige Sonnenliegen, ein extragro\u00dfes T-Top, hochwertige Ausstattung und viele smarte Komfortl\u00f6sungen machen die STERK 31 zum idealen Begleiter f\u00fcr sportliche Ausfl\u00fcge und entspannte Cruising-Tage gleicherma\u00dfen.<\/p>\t\t\t\t\t\t\t\t<\/div>\n\t\t\t\t<\/div>\n\t\t\t\t\t<\/div>\n\t\t\t\t<\/div>\n\t\t<div class=\"elementor-element elementor-element-779fa436 e-con-full e-flex e-con e-parent\" data-id=\"779fa436\" data-element_type=\"container\" data-settings=\"{&quot;background_background&quot;:&quot;classic&quot;}\">\n\t\t<div class=\"elementor-element elementor-element-2408fc20 e-con-full e-flex e-con e-child\" data-id=\"2408fc20\" data-element_type=\"container\" data-settings=\"{&quot;background_background&quot;:&quot;classic&quot;}\">\n\t\t<div class=\"elementor-element elementor-element-744fc473 e-con-full e-flex e-con e-child\" data-id=\"744fc473\" data-element_type=\"container\">\n\t\t\t\t<div class=\"elementor-element elementor-element-38a2b1f1 elementor-widget elementor-widget-heading\" data-id=\"38a2b1f1\" data-element_type=\"widget\" data-widget_type=\"heading.default\">\n\t\t\t\t<div class=\"elementor-widget-container\">\n\t\t\t\t\t<h2 class=\"elementor-heading-title elementor-size-default\">Sterkyachts im \u00dcberblick\n<\/h2>\t\t\t\t<\/div>\n\t\t\t\t<\/div>\n\t\t\t\t<div class=\"elementor-element elementor-element-c1f9bd3 elementor-arrows-position-inside elementor-widget elementor-widget-image-carousel\" data-id=\"c1f9bd3\" data-element_type=\"widget\" data-settings=\"{&quot;slides_to_show&quot;:&quot;3&quot;,&quot;slides_to_scroll&quot;:&quot;1&quot;,&quot;navigation&quot;:&quot;arrows&quot;,&quot;image_spacing_custom&quot;:{&quot;unit&quot;:&quot;px&quot;,&quot;size&quot;:10,&quot;sizes&quot;:[]},&quot;autoplay&quot;:&quot;yes&quot;,&quot;pause_on_hover&quot;:&quot;yes&quot;,&quot;pause_on_interaction&quot;:&quot;yes&quot;,&quot;autoplay_speed&quot;:5000,&quot;infinite&quot;:&quot;yes&quot;,&quot;speed&quot;:500,&quot;image_spacing_custom_tablet&quot;:{&quot;unit&quot;:&quot;px&quot;,&quot;size&quot;:&quot;&quot;,&quot;sizes&quot;:[]},&quot;image_spacing_custom_mobile&quot;:{&quot;unit&quot;:&quot;px&quot;,&quot;size&quot;:&quot;&quot;,&quot;sizes&quot;:[]}}\" data-widget_type=\"image-carousel.default\">\n\t\t\t\t<div class=\"elementor-widget-container\">\n\t\t\t\t\t\t\t<div class=\"elementor-image-carousel-wrapper swiper\" role=\"region\" aria-roledescription=\"carousel\" aria-label=\"Bild Karussell\" dir=\"ltr\">\n\t\t\t<div class=\"elementor-image-carousel swiper-wrapper\" aria-live=\"off\">\n\t\t\t\t\t\t\t\t<div class=\"swiper-slide\" role=\"group\" aria-roledescription=\"slide\" aria-label=\"1 von 7\"><a data-elementor-open-lightbox=\"yes\" data-elementor-lightbox-slideshow=\"c1f9bd3\" data-elementor-lightbox-title=\"STERK 31 WB\" data-elementor-lightbox-description=\"STERK 31 WB\" data-e-action-hash=\"#elementor-action%3Aaction%3Dlightbox%26settings%3DeyJpZCI6NDEyOSwidXJsIjoiaHR0cHM6XC9cL21zLW1hcmluZS5kZVwvd3AtY29udGVudFwvdXBsb2Fkc1wvMjAyNVwvMDdcL1N0ZXJrMzFfVF9Ub3AyLmpwZyIsInNsaWRlc2hvdyI6ImMxZjliZDMifQ%3D%3D\" href=\"https:\/\/ms-marine.de\/wp-content\/uploads\/2025\/07\/Sterk31_T_Top2.jpg\"><figure class=\"swiper-slide-inner\"><img decoding=\"async\" class=\"swiper-slide-image\" src=\"https:\/\/ms-marine.de\/wp-content\/uploads\/elementor\/thumbs\/Sterk31_T_Top2-rh8zw5q8yfa2i3i99tg21y5qi5n2fjohkc0d01dw9s.jpg\" alt=\"STERK 31 WB\" \/><figcaption class=\"elementor-image-carousel-caption\">STERK 31 WB<\/figcaption><\/figure><\/a><\/div><div class=\"swiper-slide\" role=\"group\" aria-roledescription=\"slide\" aria-label=\"2 von 7\"><a data-elementor-open-lightbox=\"yes\" data-elementor-lightbox-slideshow=\"c1f9bd3\" data-elementor-lightbox-title=\"STERK 31 RC\" data-e-action-hash=\"#elementor-action%3Aaction%3Dlightbox%26settings%3DeyJpZCI6NDEyNSwidXJsIjoiaHR0cHM6XC9cL21zLW1hcmluZS5kZVwvd3AtY29udGVudFwvdXBsb2Fkc1wvMjAyNVwvMDdcL3N0ZXJrMzFSQy0zOC5qcGciLCJzbGlkZXNob3ciOiJjMWY5YmQzIn0%3D\" href=\"https:\/\/ms-marine.de\/wp-content\/uploads\/2025\/07\/sterk31RC-38.jpg\"><figure class=\"swiper-slide-inner\"><img decoding=\"async\" class=\"swiper-slide-image\" src=\"https:\/\/ms-marine.de\/wp-content\/uploads\/elementor\/thumbs\/sterk31RC-38-rh8zw4serl8s6hjmfb1fhge9wrrp7ukr87cvirfag0.jpg\" alt=\"STERK 31 RC\" \/><\/figure><\/a><\/div><div class=\"swiper-slide\" role=\"group\" aria-roledescription=\"slide\" aria-label=\"3 von 7\"><a data-elementor-open-lightbox=\"yes\" data-elementor-lightbox-slideshow=\"c1f9bd3\" data-elementor-lightbox-title=\"STERK 31 RC\" data-e-action-hash=\"#elementor-action%3Aaction%3Dlightbox%26settings%3DeyJpZCI6NDEyNywidXJsIjoiaHR0cHM6XC9cL21zLW1hcmluZS5kZVwvd3AtY29udGVudFwvdXBsb2Fkc1wvMjAyNVwvMDdcL3N0ZXJrMzFSQy1LSC0xMC1Lb3BpZS5qcGciLCJzbGlkZXNob3ciOiJjMWY5YmQzIn0%3D\" href=\"https:\/\/ms-marine.de\/wp-content\/uploads\/2025\/07\/sterk31RC-KH-10-Kopie.jpg\"><figure class=\"swiper-slide-inner\"><img decoding=\"async\" class=\"swiper-slide-image\" src=\"https:\/\/ms-marine.de\/wp-content\/uploads\/elementor\/thumbs\/sterk31RC-KH-10-Kopie-rh8zw5q8yfa2i3i99tg21y5qi5n2fjohkc0d01dw9s.jpg\" alt=\"STERK 31 RC\" \/><\/figure><\/a><\/div><div class=\"swiper-slide\" role=\"group\" aria-roledescription=\"slide\" aria-label=\"4 von 7\"><a data-elementor-open-lightbox=\"yes\" data-elementor-lightbox-slideshow=\"c1f9bd3\" data-elementor-lightbox-title=\"STERK 31 RC\" data-e-action-hash=\"#elementor-action%3Aaction%3Dlightbox%26settings%3DeyJpZCI6NDEyMywidXJsIjoiaHR0cHM6XC9cL21zLW1hcmluZS5kZVwvd3AtY29udGVudFwvdXBsb2Fkc1wvMjAyNVwvMDdcL3N0ZXJrMzFSQy0zOS5qcGciLCJzbGlkZXNob3ciOiJjMWY5YmQzIn0%3D\" href=\"https:\/\/ms-marine.de\/wp-content\/uploads\/2025\/07\/sterk31RC-39.jpg\"><figure class=\"swiper-slide-inner\"><img decoding=\"async\" class=\"swiper-slide-image\" src=\"https:\/\/ms-marine.de\/wp-content\/uploads\/elementor\/thumbs\/sterk31RC-39-rh8zw4serl8s6hjmfb1fhge9wrrp7ukr87cvirfag0.jpg\" alt=\"STERK 31 RC\" \/><\/figure><\/a><\/div><div class=\"swiper-slide\" role=\"group\" aria-roledescription=\"slide\" aria-label=\"5 von 7\"><a data-elementor-open-lightbox=\"yes\" data-elementor-lightbox-slideshow=\"c1f9bd3\" data-elementor-lightbox-title=\"STERK 31 WB\" data-e-action-hash=\"#elementor-action%3Aaction%3Dlightbox%26settings%3DeyJpZCI6NDEyMSwidXJsIjoiaHR0cHM6XC9cL21zLW1hcmluZS5kZVwvd3AtY29udGVudFwvdXBsb2Fkc1wvMjAyNVwvMDdcL1NURVJLX1dFVEJBUl9TZWEuanBnIiwic2xpZGVzaG93IjoiYzFmOWJkMyJ9\" href=\"https:\/\/ms-marine.de\/wp-content\/uploads\/2025\/07\/STERK_WETBAR_Sea.jpg\"><figure class=\"swiper-slide-inner\"><img decoding=\"async\" class=\"swiper-slide-image\" src=\"https:\/\/ms-marine.de\/wp-content\/uploads\/elementor\/thumbs\/STERK_WETBAR_Sea-rh8zw4serl8s6hjmfb1fhge9wrrp7ukr87cvirfag0.jpg\" alt=\"STERK 31 WB\" \/><\/figure><\/a><\/div><div class=\"swiper-slide\" role=\"group\" aria-roledescription=\"slide\" aria-label=\"6 von 7\"><a data-elementor-open-lightbox=\"yes\" data-elementor-lightbox-slideshow=\"c1f9bd3\" data-elementor-lightbox-title=\"STERK 31 RC\" data-e-action-hash=\"#elementor-action%3Aaction%3Dlightbox%26settings%3DeyJpZCI6NDExOSwidXJsIjoiaHR0cHM6XC9cL21zLW1hcmluZS5kZVwvd3AtY29udGVudFwvdXBsb2Fkc1wvMjAyNVwvMDdcL3N0ZXJrMzFSQy00LmpwZyIsInNsaWRlc2hvdyI6ImMxZjliZDMifQ%3D%3D\" href=\"https:\/\/ms-marine.de\/wp-content\/uploads\/2025\/07\/sterk31RC-4.jpg\"><figure class=\"swiper-slide-inner\"><img decoding=\"async\" class=\"swiper-slide-image\" src=\"https:\/\/ms-marine.de\/wp-content\/uploads\/elementor\/thumbs\/sterk31RC-4-rh8zw4serl8s6hjmfb1fhge9wrrp7ukr87cvirfag0.jpg\" alt=\"STERK 31 RC\" \/><\/figure><\/a><\/div><div class=\"swiper-slide\" role=\"group\" aria-roledescription=\"slide\" aria-label=\"7 von 7\"><a data-elementor-open-lightbox=\"yes\" data-elementor-lightbox-slideshow=\"c1f9bd3\" data-elementor-lightbox-title=\"STERK 31 RC\" data-e-action-hash=\"#elementor-action%3Aaction%3Dlightbox%26settings%3DeyJpZCI6NDExNywidXJsIjoiaHR0cHM6XC9cL21zLW1hcmluZS5kZVwvd3AtY29udGVudFwvdXBsb2Fkc1wvMjAyNVwvMDdcL3N0ZXJrMzFSQy0xLmpwZyIsInNsaWRlc2hvdyI6ImMxZjliZDMifQ%3D%3D\" href=\"https:\/\/ms-marine.de\/wp-content\/uploads\/2025\/07\/sterk31RC-1.jpg\"><figure class=\"swiper-slide-inner\"><img decoding=\"async\" class=\"swiper-slide-image\" src=\"https:\/\/ms-marine.de\/wp-content\/uploads\/elementor\/thumbs\/sterk31RC-1-rh8zw5q8yfa2i3i99tg21y5qi5n2fjohkc0d01dw9s.jpg\" alt=\"STERK 31 RC\" \/><\/figure><\/a><\/div>\t\t\t<\/div>\n\t\t\t\t\t\t\t\t\t\t\t\t<div class=\"elementor-swiper-button elementor-swiper-button-prev\" role=\"button\" tabindex=\"0\">\n\t\t\t\t\t\t<svg aria-hidden=\"true\" class=\"e-font-icon-svg e-eicon-chevron-left\" viewBox=\"0 0 1000 1000\" xmlns=\"http:\/\/www.w3.org\/2000\/svg\"><path d=\"M646 125C629 125 613 133 604 142L308 442C296 454 292 471 292 487 292 504 296 521 308 533L604 854C617 867 629 875 646 875 663 875 679 871 692 858 704 846 713 829 713 812 713 796 708 779 692 767L438 487 692 225C700 217 708 204 708 187 708 171 704 154 692 142 675 129 663 125 646 125Z\"><\/path><\/svg>\t\t\t\t\t<\/div>\n\t\t\t\t\t<div class=\"elementor-swiper-button elementor-swiper-button-next\" role=\"button\" tabindex=\"0\">\n\t\t\t\t\t\t<svg aria-hidden=\"true\" class=\"e-font-icon-svg e-eicon-chevron-right\" viewBox=\"0 0 1000 1000\" xmlns=\"http:\/\/www.w3.org\/2000\/svg\"><path d=\"M696 533C708 521 713 504 713 487 713 471 708 454 696 446L400 146C388 133 375 125 354 125 338 125 325 129 313 142 300 154 292 171 292 187 292 204 296 221 308 233L563 492 304 771C292 783 288 800 288 817 288 833 296 850 308 863 321 871 338 875 354 875 371 875 388 867 400 854L696 533Z\"><\/path><\/svg>\t\t\t\t\t<\/div>\n\t\t\t\t\n\t\t\t\t\t\t\t\t\t<\/div>\n\t\t\t\t\t\t<\/div>\n\t\t\t\t<\/div>\n\t\t\t\t<\/div>\n\t\t\t\t<\/div>\n\t\t\t\t<\/div>\n\t\t<div class=\"elementor-element elementor-element-d054b0a e-flex e-con-boxed e-con e-parent\" data-id=\"d054b0a\" data-element_type=\"container\">\n\t\t\t\t\t<div class=\"e-con-inner\">\n\t\t\t\t<div class=\"elementor-element elementor-element-c0433e5 elementor-widget elementor-widget-heading\" data-id=\"c0433e5\" data-element_type=\"widget\" data-widget_type=\"heading.default\">\n\t\t\t\t<div class=\"elementor-widget-container\">\n\t\t\t\t\t<h2 class=\"elementor-heading-title elementor-size-default\">Interesse an STERK Yacht?\n<\/h2>\t\t\t\t<\/div>\n\t\t\t\t<\/div>\n\t\t\t\t<div class=\"elementor-element elementor-element-a11bd0d elementor-widget elementor-widget-text-editor\" data-id=\"a11bd0d\" data-element_type=\"widget\" data-widget_type=\"text-editor.default\">\n\t\t\t\t<div class=\"elementor-widget-container\">\n\t\t\t\t\t\t\t\t\t<section class=\"py-12 bg-white\"><div class=\"container mx-auto px-4\"><div class=\"max-w-3xl mx-auto text-center\"><p class=\"text-lg text-text mb-8\">Besuchen Sie unsere offizielle Webseite f\u00fcr mehr Informationen und finden Sie einen H\u00e4ndler in Ihrer N\u00e4he f\u00fcr ein pers\u00f6nliches Beratungsgespr\u00e4ch.<\/p><\/div><\/div><\/section>\t\t\t\t\t\t\t\t<\/div>\n\t\t\t\t<\/div>\n\t\t\t\t<div class=\"elementor-element elementor-element-c495fc2 elementor-align-center elementor-widget elementor-widget-button\" data-id=\"c495fc2\" data-element_type=\"widget\" data-widget_type=\"button.default\">\n\t\t\t\t<div class=\"elementor-widget-container\">\n\t\t\t\t\t\t\t\t\t<div class=\"elementor-button-wrapper\">\n\t\t\t\t\t<a class=\"elementor-button elementor-button-link elementor-size-sm\" href=\"https:\/\/sterkyachts.com\/\" target=\"_blank\">\n\t\t\t\t\t\t<span class=\"elementor-button-content-wrapper\">\n\t\t\t\t\t\t<span class=\"elementor-button-icon\">\n\t\t\t\t<svg aria-hidden=\"true\" class=\"e-font-icon-svg e-fas-external-link-alt\" viewBox=\"0 0 512 512\" xmlns=\"http:\/\/www.w3.org\/2000\/svg\"><path d=\"M432,320H400a16,16,0,0,0-16,16V448H64V128H208a16,16,0,0,0,16-16V80a16,16,0,0,0-16-16H48A48,48,0,0,0,0,112V464a48,48,0,0,0,48,48H400a48,48,0,0,0,48-48V336A16,16,0,0,0,432,320ZM488,0h-128c-21.37,0-32.05,25.91-17,41l35.73,35.73L135,320.37a24,24,0,0,0,0,34L157.67,377a24,24,0,0,0,34,0L435.28,133.32,471,169c15,15,41,4.5,41-17V24A24,24,0,0,0,488,0Z\"><\/path><\/svg>\t\t\t<\/span>\n\t\t\t\t\t\t\t\t\t<span class=\"elementor-button-text\">Hier geht's zur offiziellen  Webseite<\/span>\n\t\t\t\t\t<\/span>\n\t\t\t\t\t<\/a>\n\t\t\t\t<\/div>\n\t\t\t\t\t\t\t\t<\/div>\n\t\t\t\t<\/div>\n\t\t\t\t\t<\/div>\n\t\t\t\t<\/div>\n\t\t\t\t<\/div>\n\t\t","protected":false},"excerpt":{"rendered":"<p>Sterk Yacht Mediterraner Luxus trifft Supersport-Performance Die STERK 31 Die STERK 31 ist mehr als ein Boot \u2013 sie ist ein Statement. Mit bis zu 700 PS und einer Spitzengeschwindigkeit von \u00fcber 60 Knoten setzt die STERK 31 neue Ma\u00dfst\u00e4be im Supersport-Segment. Sie vereint mediterranes Design, High-End-Technologie und kompromisslose Funktionalit\u00e4t auf h\u00f6chstem Niveau. Was sie [&hellip;]<\/p>\n","protected":false},"author":2,"featured_media":0,"parent":0,"menu_order":0,"comment_status":"closed","ping_status":"closed","template":"elementor_header_footer","meta":{"footnotes":""},"class_list":["post-4107","page","type-page","status-publish","hentry"],"_links":{"self":[{"href":"https:\/\/ms-marine.de\/de\/wp-json\/wp\/v2\/pages\/4107","targetHints":{"allow":["GET"]}}],"collection":[{"href":"https:\/\/ms-marine.de\/de\/wp-json\/wp\/v2\/pages"}],"about":[{"href":"https:\/\/ms-marine.de\/de\/wp-json\/wp\/v2\/types\/page"}],"author":[{"embeddable":true,"href":"https:\/\/ms-marine.de\/de\/wp-json\/wp\/v2\/users\/2"}],"replies":[{"embeddable":true,"href":"https:\/\/ms-marine.de\/de\/wp-json\/wp\/v2\/comments?post=4107"}],"version-history":[{"count":19,"href":"https:\/\/ms-marine.de\/de\/wp-json\/wp\/v2\/pages\/4107\/revisions"}],"predecessor-version":[{"id":4473,"href":"https:\/\/ms-marine.de\/de\/wp-json\/wp\/v2\/pages\/4107\/revisions\/4473"}],"wp:attachment":[{"href":"https:\/\/ms-marine.de\/de\/wp-json\/wp\/v2\/media?parent=4107"}],"curies":[{"name":"wp","href":"https:\/\/api.w.org\/{rel}","templated":true}]}}